{"id":281,"date":"2025-07-14T00:34:46","date_gmt":"2025-07-14T03:34:46","guid":{"rendered":"https:\/\/bienestareyalite.com\/?page_id=281"},"modified":"2025-07-14T00:53:20","modified_gmt":"2025-07-14T03:53:20","slug":"organizacional","status":"publish","type":"page","link":"https:\/\/bienestareyalite.com\/index.php\/areas-de-intervencion\/organizacional\/","title":{"rendered":"Organizacional"},"content":{"rendered":"\n<style type=\"text\/css\" data-created_by=\"avia_inline_auto\" id=\"style-css-av-av_section-1b6f6a3f773fdd1e5a73122f446b2ed5\">\n.avia-section.av-av_section-1b6f6a3f773fdd1e5a73122f446b2ed5{\nbackground-repeat:no-repeat;\nbackground-image:url(https:\/\/bienestareyalite.com\/wp-content\/uploads\/2025\/07\/banner-areas-intervencion-scaled.jpg);\nbackground-position:50% 0%;\nbackground-attachment:scroll;\n}\n<\/style>\n<div id='av_section_1'  class='avia-section av-av_section-1b6f6a3f773fdd1e5a73122f446b2ed5 main_color avia-section-default avia-no-border-styling  avia-builder-el-0  el_before_av_section  avia-builder-el-first  avia-bg-style-scroll av-minimum-height av-minimum-height-custom av-height-custom  container_wrap sidebar_right'  data-section-bg-repeat='no-repeat' data-av_minimum_height_px='500'><div class='container av-section-cont-open' style='height:500px'><main  role=\"main\" itemprop=\"mainContentOfPage\"  class='template-page content  av-content-small alpha units'><div class='post-entry post-entry-type-page post-entry-281'><div class='entry-content-wrapper clearfix'>\n\n<style type=\"text\/css\" data-created_by=\"avia_inline_auto\" id=\"style-css-av-av_hr-ad077af53fdf464faed8b1105cb0298d\">\n#top .hr.hr-invisible.av-av_hr-ad077af53fdf464faed8b1105cb0298d{\nheight:200px;\n}\n<\/style>\n<div  class='hr av-av_hr-ad077af53fdf464faed8b1105cb0298d hr-invisible  avia-builder-el-1  el_before_av_one_fifth  avia-builder-el-first '><span class='hr-inner '><span class=\"hr-inner-style\"><\/span><\/span><\/div>\n<div  class='flex_column av-av_one_fifth-2d22dc0500e159f2b39fe7a147caf14c av_one_fifth  avia-builder-el-2  el_after_av_hr  el_before_av_three_fifth  first flex_column_div  '     ><\/div><div  class='flex_column av-av_three_fifth-3b0d446bf9e6f7db91541aa567be4cdf av_three_fifth  avia-builder-el-3  el_after_av_one_fifth  el_before_av_one_fifth  flex_column_div  '     ><section  class='av_textblock_section av-av_textblock-564067357eb74c20cdd60b282c9b50bd '   itemscope=\"itemscope\" itemtype=\"https:\/\/schema.org\/CreativeWork\" ><div class='avia_textblock'  itemprop=\"text\" ><h2 class=\"p1\" style=\"text-align: center;\"><span style=\"color: #ffffff;\">\u00c1reas de interveci\u00f3n<\/span><\/h2>\n<\/div><\/section><br \/>\n<section  class='av_textblock_section av-md2kid62-e204a5d3e0c48571e74c78c410f7b945 '   itemscope=\"itemscope\" itemtype=\"https:\/\/schema.org\/CreativeWork\" ><div class='avia_textblock'  itemprop=\"text\" ><h1 class=\"p1\" style=\"text-align: center;\"><span style=\"color: #ffffff;\"><b>Organizacional<\/b><\/span><\/h1>\n<\/div><\/section><br \/>\n<section  class='av_textblock_section av-av_textblock-564067357eb74c20cdd60b282c9b50bd '   itemscope=\"itemscope\" itemtype=\"https:\/\/schema.org\/CreativeWork\" ><div class='avia_textblock'  itemprop=\"text\" ><h4 style=\"text-align: center;\"><span style=\"color: #ffffff;\">Nuestra salud mental, nuestra realidad<\/span><\/h4>\n<\/div><\/section><\/p><\/div><div  class='flex_column av-av_one_fifth-3b0d446bf9e6f7db91541aa567be4cdf av_one_fifth  avia-builder-el-7  el_after_av_three_fifth  el_before_av_hr  flex_column_div  '     ><\/div>\n<style type=\"text\/css\" data-created_by=\"avia_inline_auto\" id=\"style-css-av-av_hr-0d26c67d8d91c8a850950c746ed41804\">\n#top .hr.hr-invisible.av-av_hr-0d26c67d8d91c8a850950c746ed41804{\nheight:50px;\n}\n<\/style>\n<div  class='hr av-av_hr-0d26c67d8d91c8a850950c746ed41804 hr-invisible  avia-builder-el-8  el_after_av_one_fifth  avia-builder-el-last '><span class='hr-inner '><span class=\"hr-inner-style\"><\/span><\/span><\/div>\n<\/div><\/div><\/main><!-- close content main element --><\/div><\/div><div id='av_section_2'  class='avia-section av-av_section-f22f0f9dd672aac3df52cf5913f6ac08 main_color avia-section-default avia-no-border-styling  avia-builder-el-9  el_after_av_section  avia-builder-el-last  avia-bg-style-scroll container_wrap sidebar_right'  ><div class='container av-section-cont-open' ><div class='template-page content  av-content-small alpha units'><div class='post-entry post-entry-type-page post-entry-281'><div class='entry-content-wrapper clearfix'>\n\n<style type=\"text\/css\" data-created_by=\"avia_inline_auto\" id=\"style-css-av-av_hr-0d26c67d8d91c8a850950c746ed41804\">\n#top .hr.hr-invisible.av-av_hr-0d26c67d8d91c8a850950c746ed41804{\nheight:50px;\n}\n<\/style>\n<div  class='hr av-av_hr-0d26c67d8d91c8a850950c746ed41804 hr-invisible  avia-builder-el-10  el_before_av_one_fourth  avia-builder-el-first '><span class='hr-inner '><span class=\"hr-inner-style\"><\/span><\/span><\/div>\n<div  class='flex_column av-av_one_fourth-2d22dc0500e159f2b39fe7a147caf14c av_one_fourth  avia-builder-el-11  el_after_av_hr  el_before_av_one_half  first flex_column_div  '     ><\/div><div  class='flex_column av-av_one_half-3b0d446bf9e6f7db91541aa567be4cdf av_one_half  avia-builder-el-12  el_after_av_one_fourth  el_before_av_one_fourth  flex_column_div  '     ><p>\n<style type=\"text\/css\" data-created_by=\"avia_inline_auto\" id=\"style-css-av-av_image-e480cf2781314c75c8c3c3aafeb9dd97\">\n.avia-image-container.av-av_image-e480cf2781314c75c8c3c3aafeb9dd97 img.avia_image{\nbox-shadow:none;\n}\n.avia-image-container.av-av_image-e480cf2781314c75c8c3c3aafeb9dd97 .av-image-caption-overlay-center{\ncolor:#ffffff;\n}\n<\/style>\n<div  class='avia-image-container av-av_image-e480cf2781314c75c8c3c3aafeb9dd97 av-styling- avia-align-center  avia-builder-el-13  el_before_av_textblock  avia-builder-el-first '   itemprop=\"image\" itemscope=\"itemscope\" itemtype=\"https:\/\/schema.org\/ImageObject\" ><div class=\"avia-image-container-inner\"><div class=\"avia-image-overlay-wrap\"><img decoding=\"async\" fetchpriority=\"high\" class='wp-image-257 avia-img-lazy-loading-not-257 avia_image ' src=\"https:\/\/bienestareyalite.com\/wp-content\/uploads\/2025\/07\/iconosareas_Mesa-de-trabajo-1-copia-2-80x80.png\" alt='' title='iconosareas_Mesa de trabajo 1 copia 2'  height=\"80\" width=\"80\"  itemprop=\"thumbnailUrl\" srcset=\"https:\/\/bienestareyalite.com\/wp-content\/uploads\/2025\/07\/iconosareas_Mesa-de-trabajo-1-copia-2-80x80.png 80w, https:\/\/bienestareyalite.com\/wp-content\/uploads\/2025\/07\/iconosareas_Mesa-de-trabajo-1-copia-2-300x300.png 300w, https:\/\/bienestareyalite.com\/wp-content\/uploads\/2025\/07\/iconosareas_Mesa-de-trabajo-1-copia-2-36x36.png 36w, https:\/\/bienestareyalite.com\/wp-content\/uploads\/2025\/07\/iconosareas_Mesa-de-trabajo-1-copia-2-180x180.png 180w, https:\/\/bienestareyalite.com\/wp-content\/uploads\/2025\/07\/iconosareas_Mesa-de-trabajo-1-copia-2.png 417w\" sizes=\"(max-width: 80px) 100vw, 80px\" \/><\/div><\/div><\/div><br \/>\n<section  class='av_textblock_section av-md2kil9i-51e2615469919a8710a5332087eba59d '   itemscope=\"itemscope\" itemtype=\"https:\/\/schema.org\/CreativeWork\" ><div class='avia_textblock'  itemprop=\"text\" ><h4 style=\"text-align: center;\"><span style=\"vertical-align: inherit;\"><span style=\"vertical-align: inherit;\">Organizacional<\/span><\/span><\/h4>\n<\/div><\/section><br \/>\n<section  class='av_textblock_section av-av_textblock-564067357eb74c20cdd60b282c9b50bd '   itemscope=\"itemscope\" itemtype=\"https:\/\/schema.org\/CreativeWork\" ><div class='avia_textblock'  itemprop=\"text\" ><p style=\"text-align: center;\">Apoyamos a instituciones y equipos de trabajo en el fortalecimiento del clima laboral, la comunicaci\u00f3n efectiva y el manejo saludable del estr\u00e9s, integrando herramientas desde la psicolog\u00eda y la diversidad cultural.<\/p>\n<\/div><\/section><\/p><\/div><div  class='flex_column av-av_one_fourth-3b0d446bf9e6f7db91541aa567be4cdf av_one_fourth  avia-builder-el-16  el_after_av_one_half  el_before_av_hr  flex_column_div  '     ><\/div>\n<style type=\"text\/css\" data-created_by=\"avia_inline_auto\" id=\"style-css-av-av_hr-0d26c67d8d91c8a850950c746ed41804\">\n#top .hr.hr-invisible.av-av_hr-0d26c67d8d91c8a850950c746ed41804{\nheight:50px;\n}\n<\/style>\n<div  class='hr av-av_hr-0d26c67d8d91c8a850950c746ed41804 hr-invisible  avia-builder-el-17  el_after_av_one_fourth  avia-builder-el-last '><span class='hr-inner '><span class=\"hr-inner-style\"><\/span><\/span><\/div>\n<\/div><\/div><\/div><!-- close content main div --><\/div><\/div><div id='after_section_2'  class='main_color av_default_container_wrap container_wrap sidebar_right'  ><div class='container av-section-cont-open' ><div class='template-page content  av-content-small alpha units'><div class='post-entry post-entry-type-page post-entry-281'><div class='entry-content-wrapper clearfix'><\/p>\n","protected":false},"excerpt":{"rendered":"","protected":false},"author":1,"featured_media":0,"parent":28,"menu_order":0,"comment_status":"closed","ping_status":"closed","template":"","meta":{"footnotes":""},"class_list":["post-281","page","type-page","status-publish","hentry"],"_links":{"self":[{"href":"https:\/\/bienestareyalite.com\/index.php\/wp-json\/wp\/v2\/pages\/281","targetHints":{"allow":["GET"]}}],"collection":[{"href":"https:\/\/bienestareyalite.com\/index.php\/wp-json\/wp\/v2\/pages"}],"about":[{"href":"https:\/\/bienestareyalite.com\/index.php\/wp-json\/wp\/v2\/types\/page"}],"author":[{"embeddable":true,"href":"https:\/\/bienestareyalite.com\/index.php\/wp-json\/wp\/v2\/users\/1"}],"replies":[{"embeddable":true,"href":"https:\/\/bienestareyalite.com\/index.php\/wp-json\/wp\/v2\/comments?post=281"}],"version-history":[{"count":3,"href":"https:\/\/bienestareyalite.com\/index.php\/wp-json\/wp\/v2\/pages\/281\/revisions"}],"predecessor-version":[{"id":299,"href":"https:\/\/bienestareyalite.com\/index.php\/wp-json\/wp\/v2\/pages\/281\/revisions\/299"}],"up":[{"embeddable":true,"href":"https:\/\/bienestareyalite.com\/index.php\/wp-json\/wp\/v2\/pages\/28"}],"wp:attachment":[{"href":"https:\/\/bienestareyalite.com\/index.php\/wp-json\/wp\/v2\/media?parent=281"}],"curies":[{"name":"wp","href":"https:\/\/api.w.org\/{rel}","templated":true}]}}