{"id":32,"date":"2025-06-22T21:01:17","date_gmt":"2025-06-23T00:01:17","guid":{"rendered":"https:\/\/bienestareyalite.com\/?page_id=32"},"modified":"2025-08-11T11:58:08","modified_gmt":"2025-08-11T14:58:08","slug":"estudios-e-investigaciones","status":"publish","type":"page","link":"https:\/\/bienestareyalite.com\/index.php\/estudios-e-investigaciones\/","title":{"rendered":"Estudios e Investigaciones"},"content":{"rendered":"\n<style type=\"text\/css\" data-created_by=\"avia_inline_auto\" id=\"style-css-av-mcsuocve-5207bfe230ab3d4cbce5194e6a460d17\">\n.avia-section.av-mcsuocve-5207bfe230ab3d4cbce5194e6a460d17{\nbackground-repeat:no-repeat;\nbackground-image:url(https:\/\/bienestareyalite.com\/wp-content\/uploads\/2025\/07\/banner-gruposdeestudios-scaled.jpg);\nbackground-position:50% 0%;\nbackground-attachment:scroll;\n}\n<\/style>\n<div id='av_section_1'  class='avia-section av-mcsuocve-5207bfe230ab3d4cbce5194e6a460d17 main_color avia-section-default avia-no-border-styling  avia-builder-el-0  el_before_av_section  avia-builder-el-first  avia-bg-style-scroll av-minimum-height av-minimum-height-custom av-height-custom  container_wrap sidebar_right'  data-section-bg-repeat='no-repeat' data-av_minimum_height_px='500'><div class='container av-section-cont-open' style='height:500px'><main  role=\"main\" itemprop=\"mainContentOfPage\"  class='template-page content  av-content-small alpha units'><div class='post-entry post-entry-type-page post-entry-32'><div class='entry-content-wrapper clearfix'>\n\n<style type=\"text\/css\" data-created_by=\"avia_inline_auto\" id=\"style-css-av-4ffx0-0ea5a8b0a530ed0a95610d5b6d5fcb9a\">\n#top .hr.hr-invisible.av-4ffx0-0ea5a8b0a530ed0a95610d5b6d5fcb9a{\nheight:200px;\n}\n<\/style>\n<div  class='hr av-4ffx0-0ea5a8b0a530ed0a95610d5b6d5fcb9a hr-invisible  avia-builder-el-1  el_before_av_one_fifth  avia-builder-el-first '><span class='hr-inner '><span class=\"hr-inner-style\"><\/span><\/span><\/div>\n<div  class='flex_column av-3v29w-a327814fb630a8093aa36d8075c8e2a8 av_one_fifth  avia-builder-el-2  el_after_av_hr  el_before_av_three_fifth  first flex_column_div  '     ><\/div><div  class='flex_column av-35upo-b1c8ed1ae3e951d0e6a3bfeb682797ae av_three_fifth  avia-builder-el-3  el_after_av_one_fifth  el_before_av_one_fifth  flex_column_div  '     ><section  class='av_textblock_section av-2vch0-bb8c67436302afd94d3b4e97ea4c674c '   itemscope=\"itemscope\" itemtype=\"https:\/\/schema.org\/CreativeWork\" ><div class='avia_textblock'  itemprop=\"text\" ><h2 class=\"p1\" style=\"text-align: center;\"><span style=\"color: #ffffff;\">Bienestar Reyalite<\/span><\/h2>\n<\/div><\/section><br \/>\n<section  class='av_textblock_section av-mcsuktyd-29b4539970b6c049e95520753458d27f '   itemscope=\"itemscope\" itemtype=\"https:\/\/schema.org\/CreativeWork\" ><div class='avia_textblock'  itemprop=\"text\" ><h1 class=\"p1\" style=\"text-align: center;\"><span style=\"color: #ffffff;\"><b>Grupos de Estudio e Investigaci\u00f3n<\/b><\/span><\/h1>\n<\/div><\/section><br \/>\n<section  class='av_textblock_section av-1yxt0-121cb38275df7e12eaf9a11c98c1f0fd '   itemscope=\"itemscope\" itemtype=\"https:\/\/schema.org\/CreativeWork\" ><div class='avia_textblock'  itemprop=\"text\" ><h4 style=\"text-align: center;\"><span style=\"color: #ffffff;\">Nuestra salud mental, nuestra realidad<\/span><\/h4>\n<\/div><\/section><\/p><\/div><div  class='flex_column av-1ndak-c2bb92e5e539f231a52ef47b3362fcdc av_one_fifth  avia-builder-el-7  el_after_av_three_fifth  el_before_av_hr  flex_column_div  '     ><\/div>\n<style type=\"text\/css\" data-created_by=\"avia_inline_auto\" id=\"style-css-av-sli0-64ed4ec00ba4452c43a1ba4d5e12d6a7\">\n#top .hr.hr-invisible.av-sli0-64ed4ec00ba4452c43a1ba4d5e12d6a7{\nheight:50px;\n}\n<\/style>\n<div  class='hr av-sli0-64ed4ec00ba4452c43a1ba4d5e12d6a7 hr-invisible  avia-builder-el-8  el_after_av_one_fifth  avia-builder-el-last '><span class='hr-inner '><span class=\"hr-inner-style\"><\/span><\/span><\/div>\n\n<\/div><\/div><\/main><!-- close content main element --><\/div><\/div>\n<style type=\"text\/css\" data-created_by=\"avia_inline_auto\" id=\"style-css-av-20ifw-30deb20c3293e9a6710a7f78f8654e89\">\n.avia-section.av-20ifw-30deb20c3293e9a6710a7f78f8654e89{\nbackground-repeat:no-repeat;\nbackground-image:url(https:\/\/bienestareyalite.com\/wp-content\/uploads\/2025\/07\/estudios-reyalilte.jpg);\nbackground-position:0% 0%;\nbackground-attachment:scroll;\n}\n<\/style>\n<div id='av_section_2'  class='avia-section av-20ifw-30deb20c3293e9a6710a7f78f8654e89 main_color avia-section-default avia-no-border-styling  avia-builder-el-9  el_after_av_section  avia-builder-el-last  avia-bg-style-scroll container_wrap sidebar_right'  data-section-bg-repeat='no-repeat'><div class='container av-section-cont-open' ><div class='template-page content  av-content-small alpha units'><div class='post-entry post-entry-type-page post-entry-32'><div class='entry-content-wrapper clearfix'>\n\n<style type=\"text\/css\" data-created_by=\"avia_inline_auto\" id=\"style-css-av-mcsuw607-dade088ab306ea5f083fc5827df99ce1\">\n#top .hr.hr-invisible.av-mcsuw607-dade088ab306ea5f083fc5827df99ce1{\nheight:100px;\n}\n<\/style>\n<div  class='hr av-mcsuw607-dade088ab306ea5f083fc5827df99ce1 hr-invisible  avia-builder-el-10  el_before_av_one_half  avia-builder-el-first '><span class='hr-inner '><span class=\"hr-inner-style\"><\/span><\/span><\/div>\n<div  class='flex_column av-1nwfg-68f0403e317c1af69c689c348fd69349 av_one_half  avia-builder-el-11  el_after_av_hr  el_before_av_one_half  first flex_column_div  '     ><\/div>\n<style type=\"text\/css\" data-created_by=\"avia_inline_auto\" id=\"style-css-av-13z80-747a37f7f2c5ef267f70c23abe220668\">\n.flex_column.av-13z80-747a37f7f2c5ef267f70c23abe220668{\npadding:20px 20px 20px 20px;\nbackground-color:rgba(255,255,255,0.62);\n}\n<\/style>\n<div  class='flex_column av-13z80-747a37f7f2c5ef267f70c23abe220668 av_one_half  avia-builder-el-12  el_after_av_one_half  el_before_av_hr  flex_column_div  '     ><section  class='av_textblock_section av-mcsuplkh-dd8a41550ef7c11c719748390d5bc606 '   itemscope=\"itemscope\" itemtype=\"https:\/\/schema.org\/CreativeWork\" ><div class='avia_textblock'  itemprop=\"text\" ><h4>Programa de Salud Mental Reyalite<\/h4>\n<\/div><\/section><br \/>\n<section  class='av_textblock_section av-mcsuqd61-2d98197c9295fdcb70f99bf0e76ba51a '   itemscope=\"itemscope\" itemtype=\"https:\/\/schema.org\/CreativeWork\" ><div class='avia_textblock'  itemprop=\"text\" ><p style=\"text-align: justify;\"><strong>El programa de Salud Mental Reyalite se alinea con varias corrientes te\u00f3ricas, estudios e investigaciones contempor\u00e1neas en salud mental que abogan por enfoques integrales, comunitarios, colaborativos e interculturales.<\/strong><\/p>\n<p style=\"text-align: justify;\"><strong>Grupos de estudio:<\/strong> Los\/as participantes se re\u00fanen de manera colaborativa en torno a una problem\u00e1tica a estudiar en el contexto de la salud mental. Se siguen lecturas acad\u00e9micas interdisciplinarias, archivos audiovisuales, casos cl\u00ednicos y otros materiales relacionados al tema.<\/p>\n<p style=\"text-align: justify;\"><strong>Academia:<\/strong> Contribuir a la realizaci\u00f3n colectiva de investigaciones cient\u00edficas sobre salud mental intercultural. Las l\u00edneas tem\u00e1ticas a desarrollar abordan la salud mental en su relaci\u00f3n con la movilidad humana, diversidad cultural, racializaci\u00f3n, g\u00e9nero, lenguas, entre otras.<\/p>\n<\/div><\/section><\/p><\/div>\n<style type=\"text\/css\" data-created_by=\"avia_inline_auto\" id=\"style-css-av-w5a0-0edcee3e01f54f063c685023b80d9af2\">\n#top .hr.hr-invisible.av-w5a0-0edcee3e01f54f063c685023b80d9af2{\nheight:100px;\n}\n<\/style>\n<div  class='hr av-w5a0-0edcee3e01f54f063c685023b80d9af2 hr-invisible  avia-builder-el-15  el_after_av_one_half  avia-builder-el-last '><span class='hr-inner '><span class=\"hr-inner-style\"><\/span><\/span><\/div>\n<\/div><\/div><\/div><!-- close content main div --><\/div><\/div><div id='after_section_2'  class='main_color av_default_container_wrap container_wrap sidebar_right'  ><div class='container av-section-cont-open' ><div class='template-page content  av-content-small alpha units'><div class='post-entry post-entry-type-page post-entry-32'><div class='entry-content-wrapper clearfix'>\n","protected":false},"excerpt":{"rendered":"","protected":false},"author":1,"featured_media":0,"parent":0,"menu_order":0,"comment_status":"closed","ping_status":"closed","template":"","meta":{"footnotes":""},"class_list":["post-32","page","type-page","status-publish","hentry"],"_links":{"self":[{"href":"https:\/\/bienestareyalite.com\/index.php\/wp-json\/wp\/v2\/pages\/32","targetHints":{"allow":["GET"]}}],"collection":[{"href":"https:\/\/bienestareyalite.com\/index.php\/wp-json\/wp\/v2\/pages"}],"about":[{"href":"https:\/\/bienestareyalite.com\/index.php\/wp-json\/wp\/v2\/types\/page"}],"author":[{"embeddable":true,"href":"https:\/\/bienestareyalite.com\/index.php\/wp-json\/wp\/v2\/users\/1"}],"replies":[{"embeddable":true,"href":"https:\/\/bienestareyalite.com\/index.php\/wp-json\/wp\/v2\/comments?post=32"}],"version-history":[{"count":8,"href":"https:\/\/bienestareyalite.com\/index.php\/wp-json\/wp\/v2\/pages\/32\/revisions"}],"predecessor-version":[{"id":370,"href":"https:\/\/bienestareyalite.com\/index.php\/wp-json\/wp\/v2\/pages\/32\/revisions\/370"}],"wp:attachment":[{"href":"https:\/\/bienestareyalite.com\/index.php\/wp-json\/wp\/v2\/media?parent=32"}],"curies":[{"name":"wp","href":"https:\/\/api.w.org\/{rel}","templated":true}]}}