{"id":34,"date":"2025-06-22T21:01:31","date_gmt":"2025-06-23T00:01:31","guid":{"rendered":"https:\/\/bienestareyalite.com\/?page_id=34"},"modified":"2025-06-24T00:07:04","modified_gmt":"2025-06-24T03:07:04","slug":"blog","status":"publish","type":"page","link":"https:\/\/bienestareyalite.com\/index.php\/blog\/","title":{"rendered":"Blog"},"content":{"rendered":"\n<style type=\"text\/css\" data-created_by=\"avia_inline_auto\" id=\"style-css-av-5qew2-181b15c4cc7cc53ee41a16f5763146a9\">\n.avia-section.av-5qew2-181b15c4cc7cc53ee41a16f5763146a9{\nbackground-repeat:no-repeat;\nbackground-image:url(https:\/\/bienestareyalite.com\/wp-content\/uploads\/2025\/06\/banner-blog-scaled.jpg);\nbackground-position:50% 0%;\nbackground-attachment:scroll;\n}\n<\/style>\n<div id='av_section_1'  class='avia-section av-5qew2-181b15c4cc7cc53ee41a16f5763146a9 main_color avia-section-default avia-no-border-styling  avia-builder-el-0  el_before_av_section  avia-builder-el-first  avia-bg-style-scroll av-minimum-height av-minimum-height-custom av-height-custom  container_wrap sidebar_right'  data-section-bg-repeat='no-repeat' data-av_minimum_height_px='500'><div class='container av-section-cont-open' style='height:500px'><main  role=\"main\" itemprop=\"mainContentOfPage\"  class='template-page content  av-content-small alpha units'><div class='post-entry post-entry-type-page post-entry-34'><div class='entry-content-wrapper clearfix'>\n\n<style type=\"text\/css\" data-created_by=\"avia_inline_auto\" id=\"style-css-av-55m1q-039517d3a46d70629bcada817cb6206f\">\n#top .hr.hr-invisible.av-55m1q-039517d3a46d70629bcada817cb6206f{\nheight:200px;\n}\n<\/style>\n<div  class='hr av-55m1q-039517d3a46d70629bcada817cb6206f hr-invisible  avia-builder-el-1  el_before_av_one_fifth  avia-builder-el-first '><span class='hr-inner '><span class=\"hr-inner-style\"><\/span><\/span><\/div>\n<div  class='flex_column av-4a032-9541afcbcaa6c866898c9cfd8f7f8619 av_one_fifth  avia-builder-el-2  el_after_av_hr  el_before_av_three_fifth  first flex_column_div  '     ><\/div><div  class='flex_column av-3zluu-c525b141912f6d4becbbc1596e139104 av_three_fifth  avia-builder-el-3  el_after_av_one_fifth  el_before_av_one_fifth  flex_column_div  '     ><section  class='av_textblock_section av-3dieq-d5c9a1b01ab478402c9c69025880d66f '   itemscope=\"itemscope\" itemtype=\"https:\/\/schema.org\/CreativeWork\" ><div class='avia_textblock'  itemprop=\"text\" ><h2 class=\"p1\" style=\"text-align: center;\"><span style=\"color: #ffffff;\">Bienvenid@ a nuestro blog<\/span><\/h2>\n<\/div><\/section><br \/>\n<section  class='av_textblock_section av-2rymy-d2839897a9f7108c1c8498e56731a025 '   itemscope=\"itemscope\" itemtype=\"https:\/\/schema.org\/CreativeWork\" ><div class='avia_textblock'  itemprop=\"text\" ><h1 class=\"p1\" style=\"text-align: center;\"><span style=\"color: #ffffff;\"><b>Bienestar y Salud Mental Intercultural<\/b><\/span><\/h1>\n<\/div><\/section><br \/>\n<section  class='av_textblock_section av-7dm2-e3e5399d0fb7f7e0b38644d48437cafb '   itemscope=\"itemscope\" itemtype=\"https:\/\/schema.org\/CreativeWork\" ><div class='avia_textblock'  itemprop=\"text\" ><h4 style=\"text-align: center;\"><span style=\"color: #ffffff;\">Aqu\u00ed hablamos de salud mental con empat\u00eda, con mirada cr\u00edtica, y sobre todo, con respeto por la diversidad cultural que nos enriquece.<\/span><\/h4>\n<\/div><\/section><\/p><\/div><div  class='flex_column av-1m862-b16e8eb87cb7d014bbe27eb6536a7547 av_one_fifth  avia-builder-el-7  el_after_av_three_fifth  el_before_av_hr  flex_column_div  '     ><\/div>\n<style type=\"text\/css\" data-created_by=\"avia_inline_auto\" id=\"style-css-av-sy02-3aba6e8ae20c3b3c6104db52d7f00148\">\n#top .hr.hr-invisible.av-sy02-3aba6e8ae20c3b3c6104db52d7f00148{\nheight:50px;\n}\n<\/style>\n<div  class='hr av-sy02-3aba6e8ae20c3b3c6104db52d7f00148 hr-invisible  avia-builder-el-8  el_after_av_one_fifth  avia-builder-el-last '><span class='hr-inner '><span class=\"hr-inner-style\"><\/span><\/span><\/div>\n<\/div><\/div><\/main><!-- close content main element --><\/div><\/div><div id='av_section_2'  class='avia-section av-11cuu-75aeebd99b5cd35db29010bb3d694696 main_color avia-section-default avia-no-border-styling  avia-builder-el-9  el_after_av_section  avia-builder-el-last  avia-bg-style-scroll container_wrap sidebar_right'  ><div class='container av-section-cont-open' ><div class='template-page content  av-content-small alpha units'><div class='post-entry post-entry-type-page post-entry-34'><div class='entry-content-wrapper clearfix'>\n<div  data-slideshow-options=\"{&quot;animation&quot;:&quot;fade&quot;,&quot;autoplay&quot;:false,&quot;loop_autoplay&quot;:&quot;once&quot;,&quot;interval&quot;:5,&quot;loop_manual&quot;:&quot;manual-endless&quot;,&quot;autoplay_stopper&quot;:false,&quot;noNavigation&quot;:false,&quot;show_slide_delay&quot;:90}\" class='avia-content-slider avia-content-grid-active avia-content-slider1 avia-content-slider-odd  avia-builder-el-10  avia-builder-el-no-sibling  av-slideshow-ui av-control-default   av-no-slider-navigation av-slideshow-manual av-loop-once av-loop-manual-endless '  itemscope=\"itemscope\" itemtype=\"https:\/\/schema.org\/Blog\" ><div class=\"avia-content-slider-inner\"><div class=\"slide-entry-wrap\"><article class='slide-entry flex_column  post-entry post-entry-153 slide-entry-overview slide-loop-1 slide-parity-odd  av_one_third first real-thumbnail posttype-post post-format-standard'  itemscope=\"itemscope\" itemtype=\"https:\/\/schema.org\/CreativeWork\" ><a href='https:\/\/bienestareyalite.com\/index.php\/2025\/06\/23\/nota-prueba-3\/' data-rel='slide-1' class='slide-image' title='Nota prueba 3'><img decoding=\"async\" fetchpriority=\"high\" width=\"495\" height=\"400\" src=\"https:\/\/bienestareyalite.com\/wp-content\/uploads\/2025\/06\/foto-prueba-blog-495x400.jpg\" class=\"wp-image-149 avia-img-lazy-loading-not-149 attachment-portfolio size-portfolio wp-post-image\" alt=\"\" \/><\/a><div class=\"slide-content\"><header class=\"entry-content-header\" aria-label=\"Slide: Nota prueba 3\"><h3 class='slide-entry-title entry-title '  itemprop=\"headline\" ><a href='https:\/\/bienestareyalite.com\/index.php\/2025\/06\/23\/nota-prueba-3\/' title='Nota prueba 3'>Nota prueba 3<\/a><\/h3><span class=\"av-vertical-delimiter\"><\/span><\/header><div class=\"slide-meta\"><time class='slide-meta-time updated'  itemprop=\"datePublished\" datetime=\"2025-06-23T23:59:20-03:00\" >23 de Junio de 2025<\/time><\/div><div class='slide-entry-excerpt entry-content'  itemprop=\"text\" >Lorem Ipsum\u00a0es simplemente el texto de relleno de las imprentas\u2026<div class=\"read-more-link\"><a href=\"https:\/\/bienestareyalite.com\/index.php\/2025\/06\/23\/nota-prueba-3\/\" class=\"more-link\">Read more<span class='more-link-arrow avia-svg-icon avia-font-svg_entypo-fontello' data-av_svg_icon='right-open-big' data-av_iconset='svg_entypo-fontello'><svg version=\"1.1\" xmlns=\"http:\/\/www.w3.org\/2000\/svg\" width=\"15\" height=\"32\" viewBox=\"0 0 15 32\" preserveAspectRatio=\"xMidYMid meet\" role=\"graphics-symbol\" aria-hidden=\"true\">\n<path d=\"M0.416 27.84l11.456-11.84-11.456-11.904q-0.832-0.832 0-1.536 0.832-0.832 1.536 0l12.544 12.608q0.768 0.832 0 1.6l-12.544 12.608q-0.704 0.832-1.536 0-0.832-0.704 0-1.536z\"><\/path>\n<\/svg><\/span><\/a><\/div><\/div><\/div><footer class=\"entry-footer\"><\/footer><span class='hidden'>\n\t\t\t\t<span class='av-structured-data'  itemprop=\"image\" itemscope=\"itemscope\" itemtype=\"https:\/\/schema.org\/ImageObject\" >\n\t\t\t\t\t\t<span itemprop='url'>https:\/\/bienestareyalite.com\/wp-content\/uploads\/2025\/06\/foto-prueba-blog.jpg<\/span>\n\t\t\t\t\t\t<span itemprop='height'>400<\/span>\n\t\t\t\t\t\t<span itemprop='width'>900<\/span>\n\t\t\t\t<\/span>\n\t\t\t\t<span class='av-structured-data'  itemprop=\"publisher\" itemtype=\"https:\/\/schema.org\/Organization\" itemscope=\"itemscope\" >\n\t\t\t\t\t\t<span itemprop='name'>rominabtty<\/span>\n\t\t\t\t\t\t<span itemprop='logo' itemscope itemtype='https:\/\/schema.org\/ImageObject'>\n\t\t\t\t\t\t\t<span itemprop='url'>https:\/\/bienestareyalite.com\/wp-content\/uploads\/2025\/07\/logo-bienestar-reyalite.png<\/span>\n\t\t\t\t\t\t<\/span>\n\t\t\t\t<\/span><span class='av-structured-data'  itemprop=\"author\" itemscope=\"itemscope\" itemtype=\"https:\/\/schema.org\/Person\" ><span itemprop='name'>rominabtty<\/span><\/span><span class='av-structured-data'  itemprop=\"datePublished\" datetime=\"2025-06-22T21:01:31-03:00\" >2025-06-23 23:59:20<\/span><span class='av-structured-data'  itemprop=\"dateModified\" itemtype=\"https:\/\/schema.org\/dateModified\" >2025-06-23 23:59:20<\/span><span class='av-structured-data'  itemprop=\"mainEntityOfPage\" itemtype=\"https:\/\/schema.org\/mainEntityOfPage\" ><span itemprop='name'>Nota prueba 3<\/span><\/span><\/span><\/article><article class='slide-entry flex_column  post-entry post-entry-151 slide-entry-overview slide-loop-2 slide-parity-even  av_one_third  real-thumbnail posttype-post post-format-standard'  itemscope=\"itemscope\" itemtype=\"https:\/\/schema.org\/CreativeWork\" ><a href='https:\/\/bienestareyalite.com\/index.php\/2025\/06\/23\/nota-prueba-2\/' data-rel='slide-1' class='slide-image' title='Nota prueba 2'><img decoding=\"async\" fetchpriority=\"high\" width=\"495\" height=\"400\" src=\"https:\/\/bienestareyalite.com\/wp-content\/uploads\/2025\/06\/foto-prueba-blog-495x400.jpg\" class=\"wp-image-149 avia-img-lazy-loading-not-149 attachment-portfolio size-portfolio wp-post-image\" alt=\"\" \/><\/a><div class=\"slide-content\"><header class=\"entry-content-header\" aria-label=\"Slide: Nota prueba 2\"><h3 class='slide-entry-title entry-title '  itemprop=\"headline\" ><a href='https:\/\/bienestareyalite.com\/index.php\/2025\/06\/23\/nota-prueba-2\/' title='Nota prueba 2'>Nota prueba 2<\/a><\/h3><span class=\"av-vertical-delimiter\"><\/span><\/header><div class=\"slide-meta\"><time class='slide-meta-time updated'  itemprop=\"datePublished\" datetime=\"2025-06-23T23:58:31-03:00\" >23 de Junio de 2025<\/time><\/div><div class='slide-entry-excerpt entry-content'  itemprop=\"text\" >Lorem Ipsum\u00a0es simplemente el texto de relleno de las imprentas\u2026<div class=\"read-more-link\"><a href=\"https:\/\/bienestareyalite.com\/index.php\/2025\/06\/23\/nota-prueba-2\/\" class=\"more-link\">Read more<span class='more-link-arrow avia-svg-icon avia-font-svg_entypo-fontello' data-av_svg_icon='right-open-big' data-av_iconset='svg_entypo-fontello'><svg version=\"1.1\" xmlns=\"http:\/\/www.w3.org\/2000\/svg\" width=\"15\" height=\"32\" viewBox=\"0 0 15 32\" preserveAspectRatio=\"xMidYMid meet\" role=\"graphics-symbol\" aria-hidden=\"true\">\n<path d=\"M0.416 27.84l11.456-11.84-11.456-11.904q-0.832-0.832 0-1.536 0.832-0.832 1.536 0l12.544 12.608q0.768 0.832 0 1.6l-12.544 12.608q-0.704 0.832-1.536 0-0.832-0.704 0-1.536z\"><\/path>\n<\/svg><\/span><\/a><\/div><\/div><\/div><footer class=\"entry-footer\"><\/footer><span class='hidden'>\n\t\t\t\t<span class='av-structured-data'  itemprop=\"image\" itemscope=\"itemscope\" itemtype=\"https:\/\/schema.org\/ImageObject\" >\n\t\t\t\t\t\t<span itemprop='url'>https:\/\/bienestareyalite.com\/wp-content\/uploads\/2025\/06\/foto-prueba-blog.jpg<\/span>\n\t\t\t\t\t\t<span itemprop='height'>400<\/span>\n\t\t\t\t\t\t<span itemprop='width'>900<\/span>\n\t\t\t\t<\/span>\n\t\t\t\t<span class='av-structured-data'  itemprop=\"publisher\" itemtype=\"https:\/\/schema.org\/Organization\" itemscope=\"itemscope\" >\n\t\t\t\t\t\t<span itemprop='name'>rominabtty<\/span>\n\t\t\t\t\t\t<span itemprop='logo' itemscope itemtype='https:\/\/schema.org\/ImageObject'>\n\t\t\t\t\t\t\t<span itemprop='url'>https:\/\/bienestareyalite.com\/wp-content\/uploads\/2025\/07\/logo-bienestar-reyalite.png<\/span>\n\t\t\t\t\t\t<\/span>\n\t\t\t\t<\/span><span class='av-structured-data'  itemprop=\"author\" itemscope=\"itemscope\" itemtype=\"https:\/\/schema.org\/Person\" ><span itemprop='name'>rominabtty<\/span><\/span><span class='av-structured-data'  itemprop=\"datePublished\" datetime=\"2025-06-22T21:01:31-03:00\" >2025-06-23 23:58:31<\/span><span class='av-structured-data'  itemprop=\"dateModified\" itemtype=\"https:\/\/schema.org\/dateModified\" >2025-06-23 23:58:31<\/span><span class='av-structured-data'  itemprop=\"mainEntityOfPage\" itemtype=\"https:\/\/schema.org\/mainEntityOfPage\" ><span itemprop='name'>Nota prueba 2<\/span><\/span><\/span><\/article><article class='slide-entry flex_column  post-entry post-entry-148 slide-entry-overview slide-loop-3 slide-parity-odd  post-entry-last  av_one_third  real-thumbnail posttype-post post-format-standard'  itemscope=\"itemscope\" itemtype=\"https:\/\/schema.org\/CreativeWork\" ><a href='https:\/\/bienestareyalite.com\/index.php\/2025\/06\/23\/nota-prueba-1\/' data-rel='slide-1' class='slide-image' title='Nota prueba 1'><img decoding=\"async\" fetchpriority=\"high\" width=\"495\" height=\"400\" src=\"https:\/\/bienestareyalite.com\/wp-content\/uploads\/2025\/06\/foto-prueba-blog-495x400.jpg\" class=\"wp-image-149 avia-img-lazy-loading-not-149 attachment-portfolio size-portfolio wp-post-image\" alt=\"\" \/><\/a><div class=\"slide-content\"><header class=\"entry-content-header\" aria-label=\"Slide: Nota prueba 1\"><h3 class='slide-entry-title entry-title '  itemprop=\"headline\" ><a href='https:\/\/bienestareyalite.com\/index.php\/2025\/06\/23\/nota-prueba-1\/' title='Nota prueba 1'>Nota prueba 1<\/a><\/h3><span class=\"av-vertical-delimiter\"><\/span><\/header><div class=\"slide-meta\"><time class='slide-meta-time updated'  itemprop=\"datePublished\" datetime=\"2025-06-23T23:57:47-03:00\" >23 de Junio de 2025<\/time><\/div><div class='slide-entry-excerpt entry-content'  itemprop=\"text\" >Lorem Ipsum\u00a0es simplemente el texto de relleno de las imprentas\u2026<div class=\"read-more-link\"><a href=\"https:\/\/bienestareyalite.com\/index.php\/2025\/06\/23\/nota-prueba-1\/\" class=\"more-link\">Read more<span class='more-link-arrow avia-svg-icon avia-font-svg_entypo-fontello' data-av_svg_icon='right-open-big' data-av_iconset='svg_entypo-fontello'><svg version=\"1.1\" xmlns=\"http:\/\/www.w3.org\/2000\/svg\" width=\"15\" height=\"32\" viewBox=\"0 0 15 32\" preserveAspectRatio=\"xMidYMid meet\" role=\"graphics-symbol\" aria-hidden=\"true\">\n<path d=\"M0.416 27.84l11.456-11.84-11.456-11.904q-0.832-0.832 0-1.536 0.832-0.832 1.536 0l12.544 12.608q0.768 0.832 0 1.6l-12.544 12.608q-0.704 0.832-1.536 0-0.832-0.704 0-1.536z\"><\/path>\n<\/svg><\/span><\/a><\/div><\/div><\/div><footer class=\"entry-footer\"><\/footer><span class='hidden'>\n\t\t\t\t<span class='av-structured-data'  itemprop=\"image\" itemscope=\"itemscope\" itemtype=\"https:\/\/schema.org\/ImageObject\" >\n\t\t\t\t\t\t<span itemprop='url'>https:\/\/bienestareyalite.com\/wp-content\/uploads\/2025\/06\/foto-prueba-blog.jpg<\/span>\n\t\t\t\t\t\t<span itemprop='height'>400<\/span>\n\t\t\t\t\t\t<span itemprop='width'>900<\/span>\n\t\t\t\t<\/span>\n\t\t\t\t<span class='av-structured-data'  itemprop=\"publisher\" itemtype=\"https:\/\/schema.org\/Organization\" itemscope=\"itemscope\" >\n\t\t\t\t\t\t<span itemprop='name'>rominabtty<\/span>\n\t\t\t\t\t\t<span itemprop='logo' itemscope itemtype='https:\/\/schema.org\/ImageObject'>\n\t\t\t\t\t\t\t<span itemprop='url'>https:\/\/bienestareyalite.com\/wp-content\/uploads\/2025\/07\/logo-bienestar-reyalite.png<\/span>\n\t\t\t\t\t\t<\/span>\n\t\t\t\t<\/span><span class='av-structured-data'  itemprop=\"author\" itemscope=\"itemscope\" itemtype=\"https:\/\/schema.org\/Person\" ><span itemprop='name'>rominabtty<\/span><\/span><span class='av-structured-data'  itemprop=\"datePublished\" datetime=\"2025-06-22T21:01:31-03:00\" >2025-06-23 23:57:47<\/span><span class='av-structured-data'  itemprop=\"dateModified\" itemtype=\"https:\/\/schema.org\/dateModified\" >2025-06-24 00:05:46<\/span><span class='av-structured-data'  itemprop=\"mainEntityOfPage\" itemtype=\"https:\/\/schema.org\/mainEntityOfPage\" ><span itemprop='name'>Nota prueba 1<\/span><\/span><\/span><\/article><\/div><\/div><\/div>\n<\/div><\/div><\/div><!-- close content main div --><\/div><\/div><div id='after_section_2'  class='main_color av_default_container_wrap container_wrap sidebar_right'  ><div class='container av-section-cont-open' ><div class='template-page content  av-content-small alpha units'><div class='post-entry post-entry-type-page post-entry-34'><div class='entry-content-wrapper clearfix'><\/p>\n","protected":false},"excerpt":{"rendered":"","protected":false},"author":1,"featured_media":0,"parent":0,"menu_order":0,"comment_status":"closed","ping_status":"closed","template":"","meta":{"footnotes":""},"class_list":["post-34","page","type-page","status-publish","hentry"],"_links":{"self":[{"href":"https:\/\/bienestareyalite.com\/index.php\/wp-json\/wp\/v2\/pages\/34","targetHints":{"allow":["GET"]}}],"collection":[{"href":"https:\/\/bienestareyalite.com\/index.php\/wp-json\/wp\/v2\/pages"}],"about":[{"href":"https:\/\/bienestareyalite.com\/index.php\/wp-json\/wp\/v2\/types\/page"}],"author":[{"embeddable":true,"href":"https:\/\/bienestareyalite.com\/index.php\/wp-json\/wp\/v2\/users\/1"}],"replies":[{"embeddable":true,"href":"https:\/\/bienestareyalite.com\/index.php\/wp-json\/wp\/v2\/comments?post=34"}],"version-history":[{"count":7,"href":"https:\/\/bienestareyalite.com\/index.php\/wp-json\/wp\/v2\/pages\/34\/revisions"}],"predecessor-version":[{"id":158,"href":"https:\/\/bienestareyalite.com\/index.php\/wp-json\/wp\/v2\/pages\/34\/revisions\/158"}],"wp:attachment":[{"href":"https:\/\/bienestareyalite.com\/index.php\/wp-json\/wp\/v2\/media?parent=34"}],"curies":[{"name":"wp","href":"https:\/\/api.w.org\/{rel}","templated":true}]}}