{"id":36,"date":"2025-06-22T21:01:58","date_gmt":"2025-06-23T00:01:58","guid":{"rendered":"https:\/\/bienestareyalite.com\/?page_id=36"},"modified":"2025-08-11T15:35:33","modified_gmt":"2025-08-11T18:35:33","slug":"movimiento-reyalite","status":"publish","type":"page","link":"https:\/\/bienestareyalite.com\/index.php\/movimiento-reyalite\/","title":{"rendered":"Movimiento Reyalite"},"content":{"rendered":"\n<style type=\"text\/css\" data-created_by=\"avia_inline_auto\" id=\"style-css-av-mcsv1taq-a27d7d7b89469e04ffa296c7a250700c\">\n.avia-section.av-mcsv1taq-a27d7d7b89469e04ffa296c7a250700c{\nbackground-repeat:no-repeat;\nbackground-image:url(https:\/\/bienestareyalite.com\/wp-content\/uploads\/2025\/07\/banner-mreyalite-scaled.jpg);\nbackground-position:50% 0%;\nbackground-attachment:scroll;\n}\n<\/style>\n<div id='av_section_1'  class='avia-section av-mcsv1taq-a27d7d7b89469e04ffa296c7a250700c main_color avia-section-default avia-no-border-styling  avia-builder-el-0  el_before_av_section  avia-builder-el-first  avia-bg-style-scroll av-minimum-height av-minimum-height-custom av-height-custom  container_wrap sidebar_right'  data-section-bg-repeat='no-repeat' data-av_minimum_height_px='500'><div class='container av-section-cont-open' style='height:500px'><main  role=\"main\" itemprop=\"mainContentOfPage\"  class='template-page content  av-content-small alpha units'><div class='post-entry post-entry-type-page post-entry-36'><div class='entry-content-wrapper clearfix'>\n\n<style type=\"text\/css\" data-created_by=\"avia_inline_auto\" id=\"style-css-av-6qo28-3f9ed76d48336265ba55ab8e787a54fc\">\n#top .hr.hr-invisible.av-6qo28-3f9ed76d48336265ba55ab8e787a54fc{\nheight:200px;\n}\n<\/style>\n<div  class='hr av-6qo28-3f9ed76d48336265ba55ab8e787a54fc hr-invisible  avia-builder-el-1  el_before_av_one_fifth  avia-builder-el-first '><span class='hr-inner '><span class=\"hr-inner-style\"><\/span><\/span><\/div>\n<div  class='flex_column av-6iqq0-9a6963ef285d364f8b33cd667527fc3d av_one_fifth  avia-builder-el-2  el_after_av_hr  el_before_av_three_fifth  first flex_column_div  '     ><\/div><div  class='flex_column av-5jp5c-a287d7bbfa2089ce98f92255e8c7e7d9 av_three_fifth  avia-builder-el-3  el_after_av_one_fifth  el_before_av_one_fifth  flex_column_div  '     ><section  class='av_textblock_section av-5cmr0-57afc179775c938a8aecdf8f12bf12a0 '   itemscope=\"itemscope\" itemtype=\"https:\/\/schema.org\/CreativeWork\" ><div class='avia_textblock'  itemprop=\"text\" ><h2 class=\"p1\" style=\"text-align: center;\"><span style=\"color: #ffffff;\">Bienestar Reyalite<\/span><\/h2>\n<\/div><\/section><br \/>\n<section  class='av_textblock_section av-mcsv2aa3-212776f8cf57a707df89dad37d859f84 '   itemscope=\"itemscope\" itemtype=\"https:\/\/schema.org\/CreativeWork\" ><div class='avia_textblock'  itemprop=\"text\" ><h1 class=\"p1\" style=\"text-align: center;\"><span style=\"color: #ffffff;\"><b>Movimiento Reyalite<\/b><\/span><\/h1>\n<\/div><\/section><br \/>\n<section  class='av_textblock_section av-4gptw-71b9d76644457dcc3a5e099cb4fea190 '   itemscope=\"itemscope\" itemtype=\"https:\/\/schema.org\/CreativeWork\" ><div class='avia_textblock'  itemprop=\"text\" ><h4 style=\"text-align: center;\"><span style=\"color: #ffffff;\">Nuestra salud mental, nuestra realidad<\/span><\/h4>\n<\/div><\/section><\/p><\/div><div  class='flex_column av-40v2o-10ea440d4651a2061d59c24431e7c4e1 av_one_fifth  avia-builder-el-7  el_after_av_three_fifth  el_before_av_hr  flex_column_div  '     ><\/div>\n<style type=\"text\/css\" data-created_by=\"avia_inline_auto\" id=\"style-css-av-3afgc-2efef8f994998ea06b1f255967ccf2a1\">\n#top .hr.hr-invisible.av-3afgc-2efef8f994998ea06b1f255967ccf2a1{\nheight:50px;\n}\n<\/style>\n<div  class='hr av-3afgc-2efef8f994998ea06b1f255967ccf2a1 hr-invisible  avia-builder-el-8  el_after_av_one_fifth  avia-builder-el-last '><span class='hr-inner '><span class=\"hr-inner-style\"><\/span><\/span><\/div>\n\n<\/div><\/div><\/main><!-- close content main element --><\/div><\/div>\n<style type=\"text\/css\" data-created_by=\"avia_inline_auto\" id=\"style-css-av-mcsv940s-6bba855cd79240bec36b10a8f6d7ee21\">\n.avia-section.av-mcsv940s-6bba855cd79240bec36b10a8f6d7ee21{\nbackground-color:#a6bbfe;\nbackground-image:url(https:\/\/bienestareyalite.com\/wp-content\/uploads\/2025\/07\/trama.png);\nbackground-repeat:repeat;\nbackground-position:0% 0%;\nbackground-attachment:fixed;\n}\n<\/style>\n<div id='av_section_2'  class='avia-section av-mcsv940s-6bba855cd79240bec36b10a8f6d7ee21 main_color avia-section-default avia-no-border-styling  avia-builder-el-9  el_after_av_section  el_before_av_section  avia-bg-style-fixed container_wrap sidebar_right'  data-section-bg-repeat='repeat'><div class='container av-section-cont-open' ><div class='template-page content  av-content-small alpha units'><div class='post-entry post-entry-type-page post-entry-36'><div class='entry-content-wrapper clearfix'>\n\n<style type=\"text\/css\" data-created_by=\"avia_inline_auto\" id=\"style-css-av-2j9r4-2b8d54512412a84dc619696e3918fd1d\">\n#top .hr.hr-invisible.av-2j9r4-2b8d54512412a84dc619696e3918fd1d{\nheight:50px;\n}\n<\/style>\n<div  class='hr av-2j9r4-2b8d54512412a84dc619696e3918fd1d hr-invisible  avia-builder-el-10  el_before_av_one_full  avia-builder-el-first '><span class='hr-inner '><span class=\"hr-inner-style\"><\/span><\/span><\/div>\n\n<style type=\"text\/css\" data-created_by=\"avia_inline_auto\" id=\"style-css-av-mdl2ks09-97722d751947855178099b7a2c063914\">\n.flex_column.av-mdl2ks09-97722d751947855178099b7a2c063914{\npadding:20px 20px 20px 20px;\n}\n<\/style>\n<div  class='flex_column av-mdl2ks09-97722d751947855178099b7a2c063914 av_one_full  avia-builder-el-11  el_after_av_hr  el_before_av_hr  first flex_column_div  '     ><section  class='av_textblock_section av-mdl2h6o2-55a90e2168a3fc463b12494b2f00e0ea '   itemscope=\"itemscope\" itemtype=\"https:\/\/schema.org\/CreativeWork\" ><div class='avia_textblock'  itemprop=\"text\" ><h2 style=\"text-align: center;\">Iniciativa comunitaria y pol\u00edtica<\/h2>\n<\/div><\/section><br \/>\n<section  class='av_textblock_section av-mdl2h2q2-e5fcd5ea874abd11fd85ddf9edf78e78 '   itemscope=\"itemscope\" itemtype=\"https:\/\/schema.org\/CreativeWork\" ><div class='avia_textblock'  itemprop=\"text\" ><h4 style=\"text-align: center;\"><span style=\"color: #ffffff;\">Donde la salud mental y los idiomas se entrelazan para transformar vidas<\/span><br \/>\n<span style=\"color: #ffffff;\"> El Centro de Salud Mental Intercultural Reyalite nace del compromiso profundo del<\/span><br \/>\n<span style=\"color: #ffffff;\"> Movimiento Reyalite : una iniciativa comunitaria y pol\u00edtica que articula salud mental,<\/span><br \/>\n<span style=\"color: #ffffff;\"> diversidad cultural y desarrollo ling\u00fc\u00edstico como pilares inseparables del bienestar humano.<\/span><\/h4>\n<\/div><\/section><\/p><\/div>\n<style type=\"text\/css\" data-created_by=\"avia_inline_auto\" id=\"style-css-av-16h1g-f268f5cc9463e422810d4461cf9a36ad\">\n#top .hr.hr-invisible.av-16h1g-f268f5cc9463e422810d4461cf9a36ad{\nheight:50px;\n}\n<\/style>\n<div  class='hr av-16h1g-f268f5cc9463e422810d4461cf9a36ad hr-invisible  avia-builder-el-14  el_after_av_one_full  avia-builder-el-last '><span class='hr-inner '><span class=\"hr-inner-style\"><\/span><\/span><\/div>\n\n<\/div><\/div><\/div><!-- close content main div --><\/div><\/div>\n<style type=\"text\/css\" data-created_by=\"avia_inline_auto\" id=\"style-css-av-mdl1q5ar-ee7286a9af783a00942ead15a357c83d\">\n.avia-section.av-mdl1q5ar-ee7286a9af783a00942ead15a357c83d{\nbackground-repeat:no-repeat;\nbackground-image:url(https:\/\/bienestareyalite.com\/wp-content\/uploads\/2025\/07\/fondo-sitio-web-reyalite-v3.jpg);\nbackground-position:0% 0%;\nbackground-attachment:scroll;\n}\n<\/style>\n<div id='av_section_3'  class='avia-section av-mdl1q5ar-ee7286a9af783a00942ead15a357c83d main_color avia-section-default avia-no-border-styling  avia-builder-el-15  el_after_av_section  avia-builder-el-last  avia-bg-style-scroll av-minimum-height av-minimum-height-custom av-height-custom  container_wrap sidebar_right'  data-section-bg-repeat='no-repeat' data-av_minimum_height_px='500'><div class='container av-section-cont-open' style='height:500px'><div class='template-page content  av-content-small alpha units'><div class='post-entry post-entry-type-page post-entry-36'><div class='entry-content-wrapper clearfix'>\n\n<style type=\"text\/css\" data-created_by=\"avia_inline_auto\" id=\"style-css-av-5brs-0bca4d48ddcef58d0370760258796e17\">\n.flex_column.av-5brs-0bca4d48ddcef58d0370760258796e17{\npadding:20px 20px 20px 20px;\nbackground-color:rgba(255,255,255,0.62);\n}\n<\/style>\n<div  class='flex_column av-5brs-0bca4d48ddcef58d0370760258796e17 av_one_third  avia-builder-el-16  el_before_av_one_third  avia-builder-el-first  first flex_column_div  '     ><\/div>\n<style type=\"text\/css\" data-created_by=\"avia_inline_auto\" id=\"style-css-av-qla4-8614fab343fcbdafba4b1083f2488876\">\n.flex_column.av-qla4-8614fab343fcbdafba4b1083f2488876{\npadding:20px 20px 20px 20px;\nbackground-color:rgba(255,255,255,0.62);\n}\n<\/style>\n<div  class='flex_column av-qla4-8614fab343fcbdafba4b1083f2488876 av_one_third  avia-builder-el-17  el_after_av_one_third  el_before_av_one_third  flex_column_div  '     ><section  class='av_textblock_section av-1pc1w-aa690b8a7c8d98b3577fa0300ff3dc52 '   itemscope=\"itemscope\" itemtype=\"https:\/\/schema.org\/CreativeWork\" ><div class='avia_textblock'  itemprop=\"text\" ><h3 style=\"text-align: left;\"><strong>Reyalite<\/strong><\/h3>\n<\/div><\/section><br \/>\n<section  class='av_textblock_section av-mdl21keb-bb8f33bb2dddf01a5d5e9c9639fe4ef3 '   itemscope=\"itemscope\" itemtype=\"https:\/\/schema.org\/CreativeWork\" ><div class='avia_textblock'  itemprop=\"text\" ><h4>Centro de Idiomas<\/h4>\n<\/div><\/section><br \/>\n<section  class='av_textblock_section av-mdl1z5px-c5775d3472f5dfa82d81b09e70b60046 '   itemscope=\"itemscope\" itemtype=\"https:\/\/schema.org\/CreativeWork\" ><div class='avia_textblock'  itemprop=\"text\" ><p>Nuestro abordaje para desarrollar las habilidades ling\u00fc\u00edsticas de l@s estudiantes es altamente oral para ir adquiriendo la capacidad de leer, escribir y entender expresiones orales. Por lo tanto, contamos con una metodolog\u00eda clara, pr\u00e1ctica, \u00fanica y de alta eficacia, que permite lograr un nivel de comunicaci\u00f3n activa en un periodo de 6 meses.<\/p>\n<\/div><\/section><br \/>\n\n<style type=\"text\/css\" data-created_by=\"avia_inline_auto\" id=\"style-css-av-mdl2bafl-43fd0572188f1f21eb4d8988ecd9a90b\">\n.avia-image-container.av-mdl2bafl-43fd0572188f1f21eb4d8988ecd9a90b img.avia_image{\nbox-shadow:none;\n}\n.avia-image-container.av-mdl2bafl-43fd0572188f1f21eb4d8988ecd9a90b .av-image-caption-overlay-center{\ncolor:#ffffff;\n}\n<\/style>\n<div  class='avia-image-container av-mdl2bafl-43fd0572188f1f21eb4d8988ecd9a90b av-styling- avia-align-center  avia-builder-el-21  el_after_av_textblock  el_before_av_button '   itemprop=\"image\" itemscope=\"itemscope\" itemtype=\"https:\/\/schema.org\/ImageObject\" ><div class=\"avia-image-container-inner\"><div class=\"avia-image-overlay-wrap\"><img decoding=\"async\" fetchpriority=\"high\" class='wp-image-333 avia-img-lazy-loading-not-333 avia_image ' src=\"https:\/\/bienestareyalite.com\/wp-content\/uploads\/2025\/07\/clases-reyalite.jpg\" alt='' title='clases-reyalite'  height=\"839\" width=\"977\"  itemprop=\"thumbnailUrl\" srcset=\"https:\/\/bienestareyalite.com\/wp-content\/uploads\/2025\/07\/clases-reyalite.jpg 977w, https:\/\/bienestareyalite.com\/wp-content\/uploads\/2025\/07\/clases-reyalite-300x258.jpg 300w, https:\/\/bienestareyalite.com\/wp-content\/uploads\/2025\/07\/clases-reyalite-768x660.jpg 768w, https:\/\/bienestareyalite.com\/wp-content\/uploads\/2025\/07\/clases-reyalite-705x605.jpg 705w\" sizes=\"(max-width: 977px) 100vw, 977px\" \/><\/div><\/div><\/div><br \/>\n<div  class='avia-button-wrap av-mdl2sj88-9835840f60369242e4368a184745fcf7-wrap avia_animated_button av-animated-when-visible-95 pop-up avia-button-center  avia-builder-el-22  el_after_av_image  avia-builder-el-last '>\n<style type=\"text\/css\" data-created_by=\"avia_inline_auto\" id=\"style-css-av-mdl2sj88-9835840f60369242e4368a184745fcf7\">\n#top #wrap_all .avia-button.av-mdl2sj88-9835840f60369242e4368a184745fcf7{\nbackground-color:#2c0151;\nborder-color:#2c0151;\ntransition:all 0.4s ease-in-out;\n}\n#top #wrap_all .avia-button.av-mdl2sj88-9835840f60369242e4368a184745fcf7:hover{\ncolor:white;\ntransition:all 0.4s ease-in-out;\n}\n#top #wrap_all .avia-button.av-mdl2sj88-9835840f60369242e4368a184745fcf7:hover .avia-svg-icon svg:first-child{\nfill:white;\nstroke:white;\n}\n<\/style>\n<a href='https:\/\/reyaliteidiomas.cl\/'  class='avia-button av-mdl2sj88-9835840f60369242e4368a184745fcf7 av-link-btn avia-icon_select-no avia-size-x-large avia-position-center avia-font-color-theme-color'  target=\"_blank\"  rel=\"noopener noreferrer\"  aria-label=\"\u00bfTe gustar\u00eda conocernos?\"><span class='avia_iconbox_title' >\u00bfTe gustar\u00eda conocernos?<\/span><span class='avia_button_background avia-button avia-color-theme-color-highlight' ><\/span><\/a><\/div><\/p><\/div>\n<style type=\"text\/css\" data-created_by=\"avia_inline_auto\" id=\"style-css-av-1iat8-01dfba1c3134e0cb8f4f711a9ec59a43\">\n.flex_column.av-1iat8-01dfba1c3134e0cb8f4f711a9ec59a43{\npadding:20px 20px 20px 20px;\nbackground-color:rgba(255,255,255,0.62);\n}\n<\/style>\n<div  class='flex_column av-1iat8-01dfba1c3134e0cb8f4f711a9ec59a43 av_one_third  avia-builder-el-23  el_after_av_one_third  avia-builder-el-last  flex_column_div  '     ><section  class='av_textblock_section av-mdl5pwx9-64a775e4daa9174a9a472bc53c702452 '   itemscope=\"itemscope\" itemtype=\"https:\/\/schema.org\/CreativeWork\" ><div class='avia_textblock'  itemprop=\"text\" ><h3 style=\"text-align: left;\"><strong>Nuestras Redes<\/strong><\/h3>\n<\/div><\/section><br \/>\n<section  class='av_textblock_section av-mdl5ljb5-544950a9dc7802a00d43a16a25f7d320 '   itemscope=\"itemscope\" itemtype=\"https:\/\/schema.org\/CreativeWork\" ><div class='avia_textblock'  itemprop=\"text\" ><h4 style=\"text-align: left;\"><span dir=\"auto\" style=\"vertical-align: inherit;\"><span dir=\"auto\" style=\"vertical-align: inherit;\">Sigue nuestro Instagram<\/span><\/span><\/h4>\n<\/div><\/section><br \/>\n<section  class='av_textblock_section av-mdl5nukc-d7fb28481e41b05d823390b070539eb7 '   itemscope=\"itemscope\" itemtype=\"https:\/\/schema.org\/CreativeWork\" ><div class='avia_textblock'  itemprop=\"text\" ><p style=\"text-align: left;\">Te invito a ser parte de nuestra comunidad en Instagram para que est\u00e9s mucho m\u00e1s conectada y o conectado con nuestro movimiento.<\/p>\n<\/div><\/section><br \/>\n\n<style type=\"text\/css\" data-created_by=\"avia_inline_auto\" id=\"style-css-av-mdl5u5tf-1dda4c75869cab063b8e19b294746161\">\n#top .hr.hr-invisible.av-mdl5u5tf-1dda4c75869cab063b8e19b294746161{\nheight:40px;\n}\n<\/style>\n<div  class='hr av-mdl5u5tf-1dda4c75869cab063b8e19b294746161 hr-invisible  avia-builder-el-27  el_after_av_textblock  el_before_av_image '><span class='hr-inner '><span class=\"hr-inner-style\"><\/span><\/span><\/div><br \/>\n\n<style type=\"text\/css\" data-created_by=\"avia_inline_auto\" id=\"style-css-av-mdl5ff5w-083c74cc8b4f2e79f8c02f36197e9427\">\n.avia-image-container.av-mdl5ff5w-083c74cc8b4f2e79f8c02f36197e9427 img.avia_image{\nbox-shadow:none;\n}\n.avia-image-container.av-mdl5ff5w-083c74cc8b4f2e79f8c02f36197e9427 .av-image-caption-overlay-center{\ncolor:#ffffff;\n}\n<\/style>\n<div  class='avia-image-container av-mdl5ff5w-083c74cc8b4f2e79f8c02f36197e9427 av-styling- avia-align-center  avia-builder-el-28  el_after_av_hr  el_before_av_button '   itemprop=\"image\" itemscope=\"itemscope\" itemtype=\"https:\/\/schema.org\/ImageObject\" ><div class=\"avia-image-container-inner\"><div class=\"avia-image-overlay-wrap\"><img decoding=\"async\" fetchpriority=\"high\" class='wp-image-343 avia-img-lazy-loading-not-343 avia_image ' src=\"https:\/\/bienestareyalite.com\/wp-content\/uploads\/2025\/07\/fondo-instagram-reyalite.jpg\" alt='' title='fondo-instagram-reyalite'  height=\"650\" width=\"604\"  itemprop=\"thumbnailUrl\" srcset=\"https:\/\/bienestareyalite.com\/wp-content\/uploads\/2025\/07\/fondo-instagram-reyalite.jpg 604w, https:\/\/bienestareyalite.com\/wp-content\/uploads\/2025\/07\/fondo-instagram-reyalite-279x300.jpg 279w\" sizes=\"(max-width: 604px) 100vw, 604px\" \/><\/div><\/div><\/div><br \/>\n<div  class='avia-button-wrap av-15s70-56d70ddf14d94cb6d79b1fef0000c4d6-wrap avia_animated_button av-animated-when-visible-95 pop-up avia-button-center  avia-builder-el-29  el_after_av_image  el_before_av_button '>\n<style type=\"text\/css\" data-created_by=\"avia_inline_auto\" id=\"style-css-av-15s70-56d70ddf14d94cb6d79b1fef0000c4d6\">\n#top #wrap_all .avia-button.av-15s70-56d70ddf14d94cb6d79b1fef0000c4d6{\nbackground-color:#ef007b;\nborder-color:#ef007b;\ntransition:all 0.4s ease-in-out;\n}\n#top #wrap_all .avia-button.av-15s70-56d70ddf14d94cb6d79b1fef0000c4d6:hover{\ncolor:white;\ntransition:all 0.4s ease-in-out;\n}\n#top #wrap_all .avia-button.av-15s70-56d70ddf14d94cb6d79b1fef0000c4d6:hover .avia-svg-icon svg:first-child{\nfill:white;\nstroke:white;\n}\n<\/style>\n<a href='https:\/\/www.instagram.com\/idiomasreyalite\/'  class='avia-button av-15s70-56d70ddf14d94cb6d79b1fef0000c4d6 av-link-btn avia-icon_select-yes-left-icon avia-size-x-large avia-position-center avia-font-color-theme-color'  target=\"_blank\"  rel=\"noopener noreferrer\"  aria-label=\"Ir a Instagram @idiomasreyalite\"><span class='avia_button_icon avia_button_icon_left avia-svg-icon avia-font-svg_entypo-fontello' data-av_svg_icon='instagram-1' data-av_iconset='svg_entypo-fontello'><svg version=\"1.1\" xmlns=\"http:\/\/www.w3.org\/2000\/svg\" width=\"27\" height=\"32\" viewBox=\"0 0 27 32\" preserveAspectRatio=\"xMidYMid meet\" aria-labelledby='av-svg-title-2' aria-describedby='av-svg-desc-2' role=\"graphics-symbol\">\n<title id='av-svg-title-2'>Instagram-1<\/title>\n<desc id='av-svg-desc-2'>Instagram-1<\/desc>\n<path d=\"M18.272 16q0-1.888-1.312-3.232t-3.232-1.344-3.232 1.344-1.344 3.232 1.344 3.232 3.232 1.344 3.232-1.344 1.312-3.232zM20.736 16q0 2.912-2.048 4.992t-4.96 2.048-4.992-2.048-2.048-4.992 2.048-4.992 4.992-2.048 4.96 2.048 2.048 4.992zM22.688 8.672q0 0.672-0.48 1.152t-1.184 0.48-1.152-0.48-0.48-1.152 0.48-1.152 1.152-0.48 1.184 0.48 0.48 1.152zM13.728 4.736q-0.128 0-1.376 0t-1.888 0-1.728 0.064-1.824 0.16-1.28 0.352q-0.896 0.352-1.568 1.024t-1.056 1.568q-0.192 0.512-0.32 1.28t-0.192 1.856-0.032 1.696 0 1.888 0 1.376 0 1.376 0 1.888 0.032 1.696 0.192 1.856 0.32 1.28q0.384 0.896 1.056 1.568t1.568 1.024q0.512 0.192 1.28 0.352t1.824 0.16 1.728 0.064 1.888 0 1.376 0 1.344 0 1.888 0 1.728-0.064 1.856-0.16 1.248-0.352q0.896-0.352 1.6-1.024t1.024-1.568q0.192-0.512 0.32-1.28t0.192-1.856 0.032-1.696 0-1.888 0-1.376 0-1.376 0-1.888-0.032-1.696-0.192-1.856-0.32-1.28q-0.352-0.896-1.024-1.568t-1.6-1.024q-0.512-0.192-1.248-0.352t-1.856-0.16-1.728-0.064-1.888 0-1.344 0zM27.424 16q0 4.096-0.096 5.664-0.16 3.712-2.208 5.76t-5.728 2.208q-1.6 0.096-5.664 0.096t-5.664-0.096q-3.712-0.192-5.76-2.208t-2.208-5.76q-0.096-1.568-0.096-5.664t0.096-5.664q0.16-3.712 2.208-5.76t5.76-2.208q1.568-0.096 5.664-0.096t5.664 0.096q3.712 0.192 5.728 2.208t2.208 5.76q0.096 1.568 0.096 5.664z\"><\/path>\n<\/svg><\/span><span class='avia_iconbox_title' >Ir a Instagram @idiomasreyalite<\/span><span class='avia_button_background avia-button avia-color-theme-color-highlight' ><\/span><\/a><\/div><br \/>\n<div  class='avia-button-wrap av-me7g9yfb-759eed766ba18170c7956c2fa1f8fc49-wrap avia_animated_button av-animated-when-visible-95 pop-up avia-button-center  avia-builder-el-30  el_after_av_button  avia-builder-el-last '>\n<style type=\"text\/css\" data-created_by=\"avia_inline_auto\" id=\"style-css-av-me7g9yfb-759eed766ba18170c7956c2fa1f8fc49\">\n#top #wrap_all .avia-button.av-me7g9yfb-759eed766ba18170c7956c2fa1f8fc49{\nbackground-color:#fcbd00;\nborder-color:#fcbd00;\ntransition:all 0.4s ease-in-out;\n}\n#top #wrap_all .avia-button.av-me7g9yfb-759eed766ba18170c7956c2fa1f8fc49:hover{\ncolor:white;\ntransition:all 0.4s ease-in-out;\n}\n#top #wrap_all .avia-button.av-me7g9yfb-759eed766ba18170c7956c2fa1f8fc49:hover .avia-svg-icon svg:first-child{\nfill:white;\nstroke:white;\n}\n<\/style>\n<a href='https:\/\/www.instagram.com\/saludmentalreyalite?igsh=MnVjbnh1eG5mZTNi'  class='avia-button av-me7g9yfb-759eed766ba18170c7956c2fa1f8fc49 av-link-btn avia-icon_select-yes-left-icon avia-size-x-large avia-position-center avia-font-color-theme-color'  target=\"_blank\"  rel=\"noopener noreferrer\"  aria-label=\"Ir a Instagram @saludmentalreyalite\"><span class='avia_button_icon avia_button_icon_left avia-svg-icon avia-font-svg_entypo-fontello' data-av_svg_icon='instagram-1' data-av_iconset='svg_entypo-fontello'><svg version=\"1.1\" xmlns=\"http:\/\/www.w3.org\/2000\/svg\" width=\"27\" height=\"32\" viewBox=\"0 0 27 32\" preserveAspectRatio=\"xMidYMid meet\" aria-labelledby='av-svg-title-3' aria-describedby='av-svg-desc-3' role=\"graphics-symbol\">\n<title id='av-svg-title-3'>Instagram-1<\/title>\n<desc id='av-svg-desc-3'>Instagram-1<\/desc>\n<path d=\"M18.272 16q0-1.888-1.312-3.232t-3.232-1.344-3.232 1.344-1.344 3.232 1.344 3.232 3.232 1.344 3.232-1.344 1.312-3.232zM20.736 16q0 2.912-2.048 4.992t-4.96 2.048-4.992-2.048-2.048-4.992 2.048-4.992 4.992-2.048 4.96 2.048 2.048 4.992zM22.688 8.672q0 0.672-0.48 1.152t-1.184 0.48-1.152-0.48-0.48-1.152 0.48-1.152 1.152-0.48 1.184 0.48 0.48 1.152zM13.728 4.736q-0.128 0-1.376 0t-1.888 0-1.728 0.064-1.824 0.16-1.28 0.352q-0.896 0.352-1.568 1.024t-1.056 1.568q-0.192 0.512-0.32 1.28t-0.192 1.856-0.032 1.696 0 1.888 0 1.376 0 1.376 0 1.888 0.032 1.696 0.192 1.856 0.32 1.28q0.384 0.896 1.056 1.568t1.568 1.024q0.512 0.192 1.28 0.352t1.824 0.16 1.728 0.064 1.888 0 1.376 0 1.344 0 1.888 0 1.728-0.064 1.856-0.16 1.248-0.352q0.896-0.352 1.6-1.024t1.024-1.568q0.192-0.512 0.32-1.28t0.192-1.856 0.032-1.696 0-1.888 0-1.376 0-1.376 0-1.888-0.032-1.696-0.192-1.856-0.32-1.28q-0.352-0.896-1.024-1.568t-1.6-1.024q-0.512-0.192-1.248-0.352t-1.856-0.16-1.728-0.064-1.888 0-1.344 0zM27.424 16q0 4.096-0.096 5.664-0.16 3.712-2.208 5.76t-5.728 2.208q-1.6 0.096-5.664 0.096t-5.664-0.096q-3.712-0.192-5.76-2.208t-2.208-5.76q-0.096-1.568-0.096-5.664t0.096-5.664q0.16-3.712 2.208-5.76t5.76-2.208q1.568-0.096 5.664-0.096t5.664 0.096q3.712 0.192 5.728 2.208t2.208 5.76q0.096 1.568 0.096 5.664z\"><\/path>\n<\/svg><\/span><span class='avia_iconbox_title' >Ir a Instagram @saludmentalreyalite<\/span><span class='avia_button_background avia-button avia-color-theme-color-highlight' ><\/span><\/a><\/div><\/p><\/div><\/div><\/div><\/div><!-- close content main div --><\/div><\/div><div id='after_section_3'  class='main_color av_default_container_wrap container_wrap sidebar_right'  ><div class='container av-section-cont-open' ><div class='template-page content  av-content-small alpha units'><div class='post-entry post-entry-type-page post-entry-36'><div class='entry-content-wrapper clearfix'>\n","protected":false},"excerpt":{"rendered":"","protected":false},"author":1,"featured_media":0,"parent":0,"menu_order":0,"comment_status":"closed","ping_status":"closed","template":"","meta":{"footnotes":""},"class_list":["post-36","page","type-page","status-publish","hentry"],"_links":{"self":[{"href":"https:\/\/bienestareyalite.com\/index.php\/wp-json\/wp\/v2\/pages\/36","targetHints":{"allow":["GET"]}}],"collection":[{"href":"https:\/\/bienestareyalite.com\/index.php\/wp-json\/wp\/v2\/pages"}],"about":[{"href":"https:\/\/bienestareyalite.com\/index.php\/wp-json\/wp\/v2\/types\/page"}],"author":[{"embeddable":true,"href":"https:\/\/bienestareyalite.com\/index.php\/wp-json\/wp\/v2\/users\/1"}],"replies":[{"embeddable":true,"href":"https:\/\/bienestareyalite.com\/index.php\/wp-json\/wp\/v2\/comments?post=36"}],"version-history":[{"count":25,"href":"https:\/\/bienestareyalite.com\/index.php\/wp-json\/wp\/v2\/pages\/36\/revisions"}],"predecessor-version":[{"id":378,"href":"https:\/\/bienestareyalite.com\/index.php\/wp-json\/wp\/v2\/pages\/36\/revisions\/378"}],"wp:attachment":[{"href":"https:\/\/bienestareyalite.com\/index.php\/wp-json\/wp\/v2\/media?parent=36"}],"curies":[{"name":"wp","href":"https:\/\/api.w.org\/{rel}","templated":true}]}}